{"id":41,"date":"2025-02-07T07:24:20","date_gmt":"2025-02-07T07:24:20","guid":{"rendered":"https:\/\/dezwamhoeve.be\/?page_id=41"},"modified":"2025-04-02T15:19:21","modified_gmt":"2025-04-02T14:19:21","slug":"nos-redacteurs","status":"publish","type":"page","link":"https:\/\/dezwamhoeve.be\/ro\/nos-redacteurs\/","title":{"rendered":"Editorii no\u0219tri"},"content":{"rendered":"<style>.authors-list-cols-dir-horizontal .authors-list-col{display:block;float:left;margin-right:3.42%}.authors-list-cols-dir-horizontal .authors-list-col-1{width:5.198%}.authors-list-cols-dir-horizontal .authors-list-col-2{width:13.81%}.authors-list-cols-dir-horizontal .authors-list-col-3{width:22.43%}.authors-list-cols-dir-horizontal .authors-list-col-4{width:31.05%}.authors-list-cols-dir-horizontal .authors-list-col-5{width:39.67%}.authors-list-cols-dir-horizontal .authors-list-col-6{width:48.29%}.authors-list-cols-dir-horizontal .authors-list-col-7{width:56.9%}.authors-list-cols-dir-horizontal .authors-list-col-8{width:65.52%}.authors-list-cols-dir-horizontal .authors-list-col-9{width:74.14%}.authors-list-cols-dir-horizontal .authors-list-col-10{width:82.76%}.authors-list-cols-dir-horizontal .authors-list-col-11{width:91.38%}.authors-list-cols-dir-horizontal .authors-list-col-12{width:100%}.authors-list-cols-dir-horizontal .authors-list-col-last{margin-right:0}.authors-list-cols-dir-horizontal .authors-list-col-first{clear:both}.authors-list-cols-dir-horizontal.authors-list-cols-2 .authors-list-col:nth-child(2n){margin-right:0}.authors-list-cols-dir-horizontal.authors-list-cols-2 .authors-list-col:nth-child(2n+1){clear:both}.authors-list-cols-dir-horizontal.authors-list-cols-3 .authors-list-col:nth-child(3n){margin-right:0}.authors-list-cols-dir-horizontal.authors-list-cols-3 .authors-list-col:nth-child(3n+1){clear:both}.authors-list-cols-dir-horizontal.authors-list-cols-4 .authors-list-col:nth-child(4n){margin-right:0}.authors-list-cols-dir-horizontal.authors-list-cols-4 .authors-list-col:nth-child(4n+1){clear:both}.authors-list-cols-dir-vertical{column-gap:3.42%}.authors-list-cols-dir-vertical.authors-list-cols-2{column-count:2}.authors-list-cols-dir-vertical.authors-list-cols-3{column-count:3}.authors-list-cols-dir-vertical.authors-list-cols-3{column-count:3}.authors-list-cols-dir-vertical.authors-list-cols-4{column-count:4}.authors-list-clearfix:after,.authors-list-clearfix:before{content:\" \";display:table}.authors-list-clearfix:after{clear:both}.authors-list-item{margin-bottom:30px;position:relative}.authors-list-cols-dir-vertical .authors-list-item{break-inside:avoid-column;page-break-inside:avoid}.authors-list-item-thumbnail{margin-bottom:20px;position:relative}.authors-list-item-thumbnail a,.authors-list-item-thumbnail img{display:block;position:relative;border:0}.authors-list-item-thumbnail img{max-width:100%;height:auto;border-radius:inherit;}.authors-list-item-title{font-size:22px;font-weight:700;margin-bottom:5px}.authors-list-item-title a{color:inherit}.authors-list-item-subtitle{margin-bottom:5px;font-size:80%}.authors-list-item-social{margin-bottom:10px}.authors-list-item-social a{font-size:15px;margin-right:5px;text-decoration:none}.authors-list-item-social svg{width:15px}.authors-list-item-social-facebook{fill:#3b5998}.authors-list-item-social-instagram{fill:#405de6}.authors-list-item-social-linkedin{fill:#0077b5}.authors-list-item-social-pinterest{fill:#bd081c}.authors-list-item-social-tumblr{fill:#35465c}.authors-list-item-social-twitter{fill:#1da1f2}.authors-list-item-social-youtube{fill:red}.authors-list-item-social-tiktok{fill:#1e3050}.authors-list-item-excerpt{margin-bottom:10px}.authors-list-items-s2 .authors-list-item-main{position:absolute;bottom:0;left:0;right:0;padding:30px;color:#fff;background:rgba(0,0,0,.3)}.authors-list-items-s2 .authors-list-item-thumbnail{margin-bottom:0}.authors-list-items-s2 .authors-list-item-title{color:inherit}.authors-list-items-s2 .authors-list-item-link{color:inherit}.authors-list-items-s3 .authors-list-item-thumbnail{margin-bottom:0}.authors-list-items-s3 .authors-list-item-main{position:absolute;bottom:0;left:0;right:0;top:0;padding:30px;opacity:0;transform:scale(0);transition:all .3s;background:#fff;border:2px solid #eee}.authors-list-items-s3 .authors-list-item:hover .authors-list-item-main{opacity:1;transform:scale(1)}.authors-list-items-s4 .authors-list-item-thumbnail{float:left;margin-right:20px;width:25%}.authors-list-item-s4 .authors-list-item-main{overflow:hidden}.author-list-item-after-avatar,.author-list-item-after-bio,.author-list-item-after-count,.author-list-item-after-link,.author-list-item-after-title,.author-list-item-before-avatar,.author-list-item-before-bio,.author-list-item-before-count,.author-list-item-before-link,.author-list-item-before-title{margin-bottom:5px}@media only screen and (max-width:767px){.authors-list-cols-dir-horizontal .authors-list-col{width:100%;margin-right:0!important}.authors-list-cols-dir-vertical{column-count:1!important}}.authors-list-pagination{text-align:center}.authors-list-pagination li{display:inline-block;margin:0 2px}.authors-list-pagination li a,.authors-list-pagination li>span{display:inline-block;border:1px solid rgba(0,0,0,.2);padding:10px;line-height:1}<\/style>\n\t\t\t\t\t\t<div class=\"authors-list-items authors-list-items-s1 authors-list-clearfix authors-list-cols-4 authors-list-cols-dir-horizontal authors-list-item-1\">\n\t\t\t\n\t\t<div class=\"authors-list-item authors-list-item-clearfix authors-list-col authors-list-col-3\">\n\n\t\t\t\t\t\t\t<div class=\"authors-list-item-thumbnail\">\n\t\t\t\t\t\n\t\t\t\t\t<a href=\"https:\/\/dezwamhoeve.be\/ro\/author\/anais-moreau\/\" class=\"author-list-item-avatar\">\n\t\t\t\t\t\t\t\t\t\t\t\t\t<img alt='Ana\u00efs Moreau' src='https:\/\/dezwamhoeve.be\/wp-content\/uploads\/2025\/02\/qdyqvkflen2_ad_avatar-500x500.jpg' srcset='https:\/\/dezwamhoeve.be\/wp-content\/uploads\/2025\/02\/qdyqvkflen2_ad_avatar-1000x1000.jpg 2x' class='avatar avatar-500 photo' height='500' width='500' \/>\t\t\t\t\t\t\t\t\t\t\t<\/a>\n\n\t\t\t\t\t\t\t\t\t<\/div><!-- .team-item-thumbnail -->\n\t\t\t\n\t\t\t<div class=\"authors-list-item-main\">\n\n\t\t\t\t\n\t\t\t\t\t\t\t\t\t<div class=\"authors-list-item-title\">\n\t\t\t\t\t\t<a href=\"https:\/\/dezwamhoeve.be\/ro\/author\/anais-moreau\/\">Ana\u00efs Moreau<\/a>\n\t\t\t\t\t<\/div>\n\t\t\t\t\n\t\t\t\t\n\t\t\t\t\n\t\t\t\t\n\t\t\t\t\n\t\t\t\t\n\t\t\t\t\n\t\t\t\t\n\t\t\t\t\n\t\t\t\t\t\t\t\t\t\t\t\t\t\t<a href=\"https:\/\/dezwamhoeve.be\/ro\/author\/anais-moreau\/\" class=\"authors-list-item-link\" aria-label=\" - View Posts &rarr;\">View Posts &rarr;<\/a>\n\t\t\t\t\n\t\t\t\t\n\t\t\t<\/div><!-- .team-item-main -->\n\n\t\t<\/div><!-- .authors-list-item -->\n\n\t\t\n\t\t<div class=\"authors-list-item authors-list-item-clearfix authors-list-col authors-list-col-3\">\n\n\t\t\t\t\t\t\t<div class=\"authors-list-item-thumbnail\">\n\t\t\t\t\t\n\t\t\t\t\t<a href=\"https:\/\/dezwamhoeve.be\/ro\/author\/nathalie-dupuy\/\" class=\"author-list-item-avatar\">\n\t\t\t\t\t\t\t\t\t\t\t\t\t<img alt='Nathalie Dupuy' src='https:\/\/dezwamhoeve.be\/wp-content\/uploads\/2025\/02\/nathalie-dupuy_avatar-500x500.jpg' srcset='https:\/\/dezwamhoeve.be\/wp-content\/uploads\/2025\/02\/nathalie-dupuy_avatar-1000x1000.jpg 2x' class='avatar avatar-500 photo' height='500' width='500' \/>\t\t\t\t\t\t\t\t\t\t\t<\/a>\n\n\t\t\t\t\t\t\t\t\t<\/div><!-- .team-item-thumbnail -->\n\t\t\t\n\t\t\t<div class=\"authors-list-item-main\">\n\n\t\t\t\t\n\t\t\t\t\t\t\t\t\t<div class=\"authors-list-item-title\">\n\t\t\t\t\t\t<a href=\"https:\/\/dezwamhoeve.be\/ro\/author\/nathalie-dupuy\/\">Nathalie Dupuy<\/a>\n\t\t\t\t\t<\/div>\n\t\t\t\t\n\t\t\t\t\n\t\t\t\t\n\t\t\t\t\n\t\t\t\t\n\t\t\t\t\n\t\t\t\t\n\t\t\t\t\n\t\t\t\t\n\t\t\t\t\t\t\t\t\t\t\t\t\t\t<a href=\"https:\/\/dezwamhoeve.be\/ro\/author\/nathalie-dupuy\/\" class=\"authors-list-item-link\" aria-label=\" - View Posts &rarr;\">View Posts &rarr;<\/a>\n\t\t\t\t\n\t\t\t\t\n\t\t\t<\/div><!-- .team-item-main -->\n\n\t\t<\/div><!-- .authors-list-item -->\n\n\t\t\n\t\t\t<span class=\"spinner\">\n\t\t\t\t<span class=\"spin\">\n\t\t\t\t\t<svg xmlns=\"http:\/\/www.w3.org\/2000\/svg\" viewbox=\"0 0 512 512\">\n\t\t\t\t\t\t<path d=\"M304 48C304 74.51 282.5 96 256 96C229.5 96 208 74.51 208 48C208 21.49 229.5 0 256 0C282.5 0 304 21.49 304 48zM304 464C304 490.5 282.5 512 256 512C229.5 512 208 490.5 208 464C208 437.5 229.5 416 256 416C282.5 416 304 437.5 304 464zM0 256C0 229.5 21.49 208 48 208C74.51 208 96 229.5 96 256C96 282.5 74.51 304 48 304C21.49 304 0 282.5 0 256zM512 256C512 282.5 490.5 304 464 304C437.5 304 416 282.5 416 256C416 229.5 437.5 208 464 208C490.5 208 512 229.5 512 256zM74.98 437C56.23 418.3 56.23 387.9 74.98 369.1C93.73 350.4 124.1 350.4 142.9 369.1C161.6 387.9 161.6 418.3 142.9 437C124.1 455.8 93.73 455.8 74.98 437V437zM142.9 142.9C124.1 161.6 93.73 161.6 74.98 142.9C56.24 124.1 56.24 93.73 74.98 74.98C93.73 56.23 124.1 56.23 142.9 74.98C161.6 93.73 161.6 124.1 142.9 142.9zM369.1 369.1C387.9 350.4 418.3 350.4 437 369.1C455.8 387.9 455.8 418.3 437 437C418.3 455.8 387.9 455.8 369.1 437C350.4 418.3 350.4 387.9 369.1 369.1V369.1z\"\/>\n\t\t\t\t\t<\/svg>\n\t\t\t\t<\/span>\n\t\t\t<\/span>\n\n\t\t\t\t\t\t<\/div><!-- authors-list-items -->","protected":false},"excerpt":{"rendered":"","protected":false},"author":1,"featured_media":0,"parent":0,"menu_order":0,"comment_status":"closed","ping_status":"closed","template":"","meta":{"_acf_changed":false,"footnotes":""},"class_list":["post-41","page","type-page","status-publish","hentry"],"acf":[],"yoast_head":"<!-- This site is optimized with the Yoast SEO plugin v23.2 - https:\/\/yoast.com\/wordpress\/plugins\/seo\/ -->\n<title>Nos r\u00e9dacteurs - dezwamhoeve.be<\/title>\n<meta name=\"robots\" content=\"index, follow, max-snippet:-1, max-image-preview:large, max-video-preview:-1\" \/>\n<link rel=\"canonical\" href=\"https:\/\/dezwamhoeve.be\/ro\/nos-redacteurs\/\" \/>\n<meta property=\"og:locale\" content=\"ro_RO\" \/>\n<meta property=\"og:type\" content=\"article\" \/>\n<meta property=\"og:title\" content=\"Nos r\u00e9dacteurs - dezwamhoeve.be\" \/>\n<meta property=\"og:url\" content=\"https:\/\/dezwamhoeve.be\/ro\/nos-redacteurs\/\" \/>\n<meta property=\"og:site_name\" content=\"dezwamhoeve.be\" \/>\n<meta property=\"article:modified_time\" content=\"2025-04-02T14:19:21+00:00\" \/>\n<meta name=\"twitter:card\" content=\"summary_large_image\" \/>\n<meta name=\"twitter:label1\" content=\"Timp estimat pentru citire\" \/>\n\t<meta name=\"twitter:data1\" content=\"1 minut\" \/>\n<script type=\"application\/ld+json\" class=\"yoast-schema-graph\">{\"@context\":\"https:\/\/schema.org\",\"@graph\":[{\"@type\":\"WebPage\",\"@id\":\"https:\/\/dezwamhoeve.be\/nos-redacteurs\/\",\"url\":\"https:\/\/dezwamhoeve.be\/nos-redacteurs\/\",\"name\":\"Nos r\u00e9dacteurs - dezwamhoeve.be\",\"isPartOf\":{\"@id\":\"https:\/\/dezwamhoeve.be\/#website\"},\"datePublished\":\"2025-02-07T07:24:20+00:00\",\"dateModified\":\"2025-04-02T14:19:21+00:00\",\"breadcrumb\":{\"@id\":\"https:\/\/dezwamhoeve.be\/nos-redacteurs\/#breadcrumb\"},\"inLanguage\":\"ro-RO\",\"potentialAction\":[{\"@type\":\"ReadAction\",\"target\":[\"https:\/\/dezwamhoeve.be\/nos-redacteurs\/\"]}]},{\"@type\":\"BreadcrumbList\",\"@id\":\"https:\/\/dezwamhoeve.be\/nos-redacteurs\/#breadcrumb\",\"itemListElement\":[{\"@type\":\"ListItem\",\"position\":1,\"name\":\"Home\",\"item\":\"https:\/\/dezwamhoeve.be\/\"},{\"@type\":\"ListItem\",\"position\":2,\"name\":\"Nos r\u00e9dacteurs\"}]},{\"@type\":\"WebSite\",\"@id\":\"https:\/\/dezwamhoeve.be\/#website\",\"url\":\"https:\/\/dezwamhoeve.be\/\",\"name\":\"dezwamhoeve.be\",\"description\":\"Inspiration Mode: Trouvez des id\u00e9es pour un dressing styl\u00e9 et \u00e9l\u00e9gant\",\"potentialAction\":[{\"@type\":\"SearchAction\",\"target\":{\"@type\":\"EntryPoint\",\"urlTemplate\":\"https:\/\/dezwamhoeve.be\/?s={search_term_string}\"},\"query-input\":\"required name=search_term_string\"}],\"inLanguage\":\"ro-RO\"}]}<\/script>\n<!-- \/ Yoast SEO plugin. -->","yoast_head_json":{"title":"Nos r\u00e9dacteurs - dezwamhoeve.be","robots":{"index":"index","follow":"follow","max-snippet":"max-snippet:-1","max-image-preview":"max-image-preview:large","max-video-preview":"max-video-preview:-1"},"canonical":"https:\/\/dezwamhoeve.be\/ro\/nos-redacteurs\/","og_locale":"ro_RO","og_type":"article","og_title":"Nos r\u00e9dacteurs - dezwamhoeve.be","og_url":"https:\/\/dezwamhoeve.be\/ro\/nos-redacteurs\/","og_site_name":"dezwamhoeve.be","article_modified_time":"2025-04-02T14:19:21+00:00","twitter_card":"summary_large_image","twitter_misc":{"Timp estimat pentru citire":"1 minut"},"schema":{"@context":"https:\/\/schema.org","@graph":[{"@type":"WebPage","@id":"https:\/\/dezwamhoeve.be\/nos-redacteurs\/","url":"https:\/\/dezwamhoeve.be\/nos-redacteurs\/","name":"Nos r\u00e9dacteurs - dezwamhoeve.be","isPartOf":{"@id":"https:\/\/dezwamhoeve.be\/#website"},"datePublished":"2025-02-07T07:24:20+00:00","dateModified":"2025-04-02T14:19:21+00:00","breadcrumb":{"@id":"https:\/\/dezwamhoeve.be\/nos-redacteurs\/#breadcrumb"},"inLanguage":"ro-RO","potentialAction":[{"@type":"ReadAction","target":["https:\/\/dezwamhoeve.be\/nos-redacteurs\/"]}]},{"@type":"BreadcrumbList","@id":"https:\/\/dezwamhoeve.be\/nos-redacteurs\/#breadcrumb","itemListElement":[{"@type":"ListItem","position":1,"name":"Home","item":"https:\/\/dezwamhoeve.be\/"},{"@type":"ListItem","position":2,"name":"Nos r\u00e9dacteurs"}]},{"@type":"WebSite","@id":"https:\/\/dezwamhoeve.be\/#website","url":"https:\/\/dezwamhoeve.be\/","name":"dezwamhoeve.be","description":"Inspiration Mode: Trouvez des id\u00e9es pour un dressing styl\u00e9 et \u00e9l\u00e9gant","potentialAction":[{"@type":"SearchAction","target":{"@type":"EntryPoint","urlTemplate":"https:\/\/dezwamhoeve.be\/?s={search_term_string}"},"query-input":"required name=search_term_string"}],"inLanguage":"ro-RO"}]}},"yoast_meta":{"yoast_wpseo_title":"","yoast_wpseo_metadesc":"","yoast_wpseo_canonical":"https:\/\/dezwamhoeve.be\/ro\/wp-json\/wp\/v2\/pages\/41"},"_links":{"self":[{"href":"https:\/\/dezwamhoeve.be\/ro\/wp-json\/wp\/v2\/pages\/41","targetHints":{"allow":["GET"]}}],"collection":[{"href":"https:\/\/dezwamhoeve.be\/ro\/wp-json\/wp\/v2\/pages"}],"about":[{"href":"https:\/\/dezwamhoeve.be\/ro\/wp-json\/wp\/v2\/types\/page"}],"author":[{"embeddable":true,"href":"https:\/\/dezwamhoeve.be\/ro\/wp-json\/wp\/v2\/users\/1"}],"replies":[{"embeddable":true,"href":"https:\/\/dezwamhoeve.be\/ro\/wp-json\/wp\/v2\/comments?post=41"}],"version-history":[{"count":2,"href":"https:\/\/dezwamhoeve.be\/ro\/wp-json\/wp\/v2\/pages\/41\/revisions"}],"predecessor-version":[{"id":160,"href":"https:\/\/dezwamhoeve.be\/ro\/wp-json\/wp\/v2\/pages\/41\/revisions\/160"}],"wp:attachment":[{"href":"https:\/\/dezwamhoeve.be\/ro\/wp-json\/wp\/v2\/media?parent=41"}],"curies":[{"name":"wp","href":"https:\/\/api.w.org\/{rel}","templated":true}]}}