{"id":37,"date":"2025-02-06T15:25:05","date_gmt":"2025-02-06T15:25:05","guid":{"rendered":"https:\/\/dezwamhoeve.be\/contacts\/"},"modified":"2025-02-07T07:23:48","modified_gmt":"2025-02-07T07:23:48","slug":"contacts","status":"publish","type":"page","link":"https:\/\/dezwamhoeve.be\/ro\/contacts\/","title":{"rendered":"Contacte"},"content":{"rendered":"<p>\u00centreb\u0103ri despre colec\u021biile noastre sau despre comanda dumneavoastr\u0103? Serviciul nostru clien\u021bi este disponibil pentru a v\u0103 ajuta \u0219i a v\u0103 oferi sfaturi cu privire la tendin\u021bele noastre \u00een mod\u0103.<\/p>\n<h2>Contacta\u021bi-ne direct<\/h2>\n<p>Completa\u021bi formularul urm\u0103tor pentru a ne trimite solicitarea dumneavoastr\u0103.<\/p>\n<form action=\"mailto:support@dezwamhoeve.be\" method=\"POST\" enctype=\"text\/plain\" data-trp-original-action=\"mailto:support@dezwamhoeve.be\">\n      <label for=\"name\">Numele dumneavoastr\u0103:<\/label><br \/>\n      <input type=\"text\" id=\"name\" name=\"name\" required><\/p>\n<p>      <label for=\"email\">Adresa dvs. de e-mail:<\/label><br \/>\n      <input type=\"email\" id=\"email\" name=\"email\" required><\/p>\n<p>      <label for=\"message\">Cererea dumneavoastr\u0103:<\/label><br \/>\n      <textarea id=\"message\" name=\"message\" rows=\"4\" cols=\"50\" required><\/textarea><\/p>\n<p>      <button type=\"submit\">Trimite<\/button><br \/>\n    <input type=\"hidden\" name=\"trp-form-language\" value=\"ro\"\/><\/form>","protected":false},"excerpt":{"rendered":"<p>Des questions sur nos collections ou votre commande ? Notre service client est disponible pour vous aider et vous conseiller sur nos tendances mode. Contactez-nous directement Remplissez le formulaire suivant pour nous envoyer votre demande. Votre Nom : Votre E-mail&#8230;<\/p>","protected":false},"author":1,"featured_media":0,"parent":0,"menu_order":0,"comment_status":"closed","ping_status":"closed","template":"","meta":{"_acf_changed":false,"footnotes":""},"class_list":["post-37","page","type-page","status-publish","hentry"],"acf":[],"yoast_head":"<!-- This site is optimized with the Yoast SEO plugin v23.2 - https:\/\/yoast.com\/wordpress\/plugins\/seo\/ -->\n<title>Contacts - dezwamhoeve.be<\/title>\n<meta name=\"description\" content=\"Suggestions: Une question sur mes v\u00eatements ou nous conseils mode? Contactez-nous et profitez d\u2019une assistance rapide et efficace.\" \/>\n<meta name=\"robots\" content=\"index, follow, max-snippet:-1, max-image-preview:large, max-video-preview:-1\" \/>\n<link rel=\"canonical\" href=\"https:\/\/dezwamhoeve.be\/ro\/contacts\/\" \/>\n<meta property=\"og:locale\" content=\"ro_RO\" \/>\n<meta property=\"og:type\" content=\"article\" \/>\n<meta property=\"og:title\" content=\"Contacts - dezwamhoeve.be\" \/>\n<meta property=\"og:description\" content=\"Suggestions: Une question sur mes v\u00eatements ou nous conseils mode? Contactez-nous et profitez d\u2019une assistance rapide et efficace.\" \/>\n<meta property=\"og:url\" content=\"https:\/\/dezwamhoeve.be\/ro\/contacts\/\" \/>\n<meta property=\"og:site_name\" content=\"dezwamhoeve.be\" \/>\n<meta property=\"article:modified_time\" content=\"2025-02-07T07:23:48+00:00\" \/>\n<meta name=\"twitter:card\" content=\"summary_large_image\" \/>\n<meta name=\"twitter:label1\" content=\"Timp estimat pentru citire\" \/>\n\t<meta name=\"twitter:data1\" content=\"1 minut\" \/>\n<script type=\"application\/ld+json\" class=\"yoast-schema-graph\">{\"@context\":\"https:\/\/schema.org\",\"@graph\":[{\"@type\":\"WebPage\",\"@id\":\"https:\/\/dezwamhoeve.be\/contacts\/\",\"url\":\"https:\/\/dezwamhoeve.be\/contacts\/\",\"name\":\"Contacts - dezwamhoeve.be\",\"isPartOf\":{\"@id\":\"https:\/\/dezwamhoeve.be\/#website\"},\"datePublished\":\"2025-02-06T15:25:05+00:00\",\"dateModified\":\"2025-02-07T07:23:48+00:00\",\"description\":\"Suggestions: Une question sur mes v\u00eatements ou nous conseils mode? Contactez-nous et profitez d\u2019une assistance rapide et efficace.\",\"breadcrumb\":{\"@id\":\"https:\/\/dezwamhoeve.be\/contacts\/#breadcrumb\"},\"inLanguage\":\"ro-RO\",\"potentialAction\":[{\"@type\":\"ReadAction\",\"target\":[\"https:\/\/dezwamhoeve.be\/contacts\/\"]}]},{\"@type\":\"BreadcrumbList\",\"@id\":\"https:\/\/dezwamhoeve.be\/contacts\/#breadcrumb\",\"itemListElement\":[{\"@type\":\"ListItem\",\"position\":1,\"name\":\"Home\",\"item\":\"https:\/\/dezwamhoeve.be\/\"},{\"@type\":\"ListItem\",\"position\":2,\"name\":\"Contacts\"}]},{\"@type\":\"WebSite\",\"@id\":\"https:\/\/dezwamhoeve.be\/#website\",\"url\":\"https:\/\/dezwamhoeve.be\/\",\"name\":\"dezwamhoeve.be\",\"description\":\"Inspiration Mode: Trouvez des id\u00e9es pour un dressing styl\u00e9 et \u00e9l\u00e9gant\",\"potentialAction\":[{\"@type\":\"SearchAction\",\"target\":{\"@type\":\"EntryPoint\",\"urlTemplate\":\"https:\/\/dezwamhoeve.be\/?s={search_term_string}\"},\"query-input\":\"required name=search_term_string\"}],\"inLanguage\":\"ro-RO\"}]}<\/script>\n<!-- \/ Yoast SEO plugin. -->","yoast_head_json":{"title":"Contacts - dezwamhoeve.be","description":"Suggestions: Une question sur mes v\u00eatements ou nous conseils mode? Contactez-nous et profitez d\u2019une assistance rapide et efficace.","robots":{"index":"index","follow":"follow","max-snippet":"max-snippet:-1","max-image-preview":"max-image-preview:large","max-video-preview":"max-video-preview:-1"},"canonical":"https:\/\/dezwamhoeve.be\/ro\/contacts\/","og_locale":"ro_RO","og_type":"article","og_title":"Contacts - dezwamhoeve.be","og_description":"Suggestions: Une question sur mes v\u00eatements ou nous conseils mode? Contactez-nous et profitez d\u2019une assistance rapide et efficace.","og_url":"https:\/\/dezwamhoeve.be\/ro\/contacts\/","og_site_name":"dezwamhoeve.be","article_modified_time":"2025-02-07T07:23:48+00:00","twitter_card":"summary_large_image","twitter_misc":{"Timp estimat pentru citire":"1 minut"},"schema":{"@context":"https:\/\/schema.org","@graph":[{"@type":"WebPage","@id":"https:\/\/dezwamhoeve.be\/contacts\/","url":"https:\/\/dezwamhoeve.be\/contacts\/","name":"Contacts - dezwamhoeve.be","isPartOf":{"@id":"https:\/\/dezwamhoeve.be\/#website"},"datePublished":"2025-02-06T15:25:05+00:00","dateModified":"2025-02-07T07:23:48+00:00","description":"Suggestions: Une question sur mes v\u00eatements ou nous conseils mode? Contactez-nous et profitez d\u2019une assistance rapide et efficace.","breadcrumb":{"@id":"https:\/\/dezwamhoeve.be\/contacts\/#breadcrumb"},"inLanguage":"ro-RO","potentialAction":[{"@type":"ReadAction","target":["https:\/\/dezwamhoeve.be\/contacts\/"]}]},{"@type":"BreadcrumbList","@id":"https:\/\/dezwamhoeve.be\/contacts\/#breadcrumb","itemListElement":[{"@type":"ListItem","position":1,"name":"Home","item":"https:\/\/dezwamhoeve.be\/"},{"@type":"ListItem","position":2,"name":"Contacts"}]},{"@type":"WebSite","@id":"https:\/\/dezwamhoeve.be\/#website","url":"https:\/\/dezwamhoeve.be\/","name":"dezwamhoeve.be","description":"Inspiration Mode: Trouvez des id\u00e9es pour un dressing styl\u00e9 et \u00e9l\u00e9gant","potentialAction":[{"@type":"SearchAction","target":{"@type":"EntryPoint","urlTemplate":"https:\/\/dezwamhoeve.be\/?s={search_term_string}"},"query-input":"required name=search_term_string"}],"inLanguage":"ro-RO"}]}},"yoast_meta":{"yoast_wpseo_title":"","yoast_wpseo_metadesc":"","yoast_wpseo_canonical":"https:\/\/dezwamhoeve.be\/ro\/wp-json\/wp\/v2\/pages\/37"},"_links":{"self":[{"href":"https:\/\/dezwamhoeve.be\/ro\/wp-json\/wp\/v2\/pages\/37","targetHints":{"allow":["GET"]}}],"collection":[{"href":"https:\/\/dezwamhoeve.be\/ro\/wp-json\/wp\/v2\/pages"}],"about":[{"href":"https:\/\/dezwamhoeve.be\/ro\/wp-json\/wp\/v2\/types\/page"}],"author":[{"embeddable":true,"href":"https:\/\/dezwamhoeve.be\/ro\/wp-json\/wp\/v2\/users\/1"}],"replies":[{"embeddable":true,"href":"https:\/\/dezwamhoeve.be\/ro\/wp-json\/wp\/v2\/comments?post=37"}],"version-history":[{"count":1,"href":"https:\/\/dezwamhoeve.be\/ro\/wp-json\/wp\/v2\/pages\/37\/revisions"}],"predecessor-version":[{"id":43,"href":"https:\/\/dezwamhoeve.be\/ro\/wp-json\/wp\/v2\/pages\/37\/revisions\/43"}],"wp:attachment":[{"href":"https:\/\/dezwamhoeve.be\/ro\/wp-json\/wp\/v2\/media?parent=37"}],"curies":[{"name":"wp","href":"https:\/\/api.w.org\/{rel}","templated":true}]}}