{"id":36,"date":"2025-02-06T15:25:01","date_gmt":"2025-02-06T15:25:01","guid":{"rendered":"https:\/\/dezwamhoeve.be\/a-propos-de-nous\/"},"modified":"2025-02-07T07:23:32","modified_gmt":"2025-02-07T07:23:32","slug":"a-propos-de-nous","status":"publish","type":"page","link":"https:\/\/dezwamhoeve.be\/ro\/a-propos-de-nous\/","title":{"rendered":"Despre noi"},"content":{"rendered":"<p>DeZwamHoeve este mai mult dec\u00e2t un simplu blog: este un spa\u021biu dedicat artei de a te \u00eembr\u0103ca cu stil \u0219i \u00eencredere. Aici, explor\u0103m cele mai recente tendin\u021be, \u00eemp\u0103rt\u0103\u0219im sfaturi practice \u0219i analiz\u0103m lumea modei \u00een continu\u0103 evolu\u021bie.<\/p>\n<p><img loading=\"lazy\" decoding=\"async\" class=\"aligncenter wp-image-35 size-full\" src=\"https:\/\/dezwamhoeve.be\/wp-content\/uploads\/2025\/02\/molodaya-zhenshhina-pokupatel-sovershaya-pokupki-v-magazine-odezhdy-sotrudnik-po-roznichnym-prodazham.jpg\" alt=\"\" width=\"612\" height=\"344\" srcset=\"https:\/\/dezwamhoeve.be\/wp-content\/uploads\/2025\/02\/molodaya-zhenshhina-pokupatel-sovershaya-pokupki-v-magazine-odezhdy-sotrudnik-po-roznichnym-prodazham.jpg 612w, https:\/\/dezwamhoeve.be\/wp-content\/uploads\/2025\/02\/molodaya-zhenshhina-pokupatel-sovershaya-pokupki-v-magazine-odezhdy-sotrudnik-po-roznichnym-prodazham-300x169.jpg 300w\" sizes=\"auto, (max-width: 612px) 100vw, 612px\" \/><\/p>\n<h2>Ce ve\u021bi g\u0103si pe blogul nostru<\/h2>\n<ul>\n<li>Analize ale noilor colec\u021bii \u0219i tendin\u021be<\/li>\n<li>Sfaturi pentru a crea \u021binute pentru fiecare ocazie<\/li>\n<li>Concentra\u021bi-v\u0103 pe branduri \u0219i creatori influen\u021bi<\/li>\n<li>Sfaturi pentru un vestiar mai responsabil \u0219i sustenabil<\/li>\n<li>Interviuri \u0219i portrete ale unor figuri inspira\u021bionale din industrie<\/li>\n<\/ul>\n<h2>Misiunea noastr\u0103: S\u0103 inspir\u0103m \u0219i s\u0103 \u00eendrum\u0103m<\/h2>\n<p>Scopul nostru este s\u0103 oferim con\u021binut de calitate care s\u0103 ajute pe toat\u0103 lumea s\u0103 \u00ee\u0219i exprime identitatea prin \u00eembr\u0103c\u0103minte. Indiferent dac\u0103 e\u0219ti pasionat de mod\u0103 sau pur \u0219i simplu cau\u021bi idei pentru a-\u021bi rafina stilul, DeZwamHoeve este destina\u021bia ta preferat\u0103.<\/p>","protected":false},"excerpt":{"rendered":"<p>DeZwamHoeve est bien plus qu&rsquo;un simple blog: c&rsquo;est un espace d\u00e9di\u00e9 \u00e0 l&rsquo;art de s&rsquo;habiller avec style et confiance. Ici, nous explorons les derni\u00e8res tendances, partageons des conseils pratiques et analysons l&rsquo;\u00e9volution du monde de la mode. Ce Que Vous&#8230;<\/p>","protected":false},"author":1,"featured_media":0,"parent":0,"menu_order":0,"comment_status":"closed","ping_status":"closed","template":"","meta":{"_acf_changed":false,"footnotes":""},"class_list":["post-36","page","type-page","status-publish","hentry"],"acf":[],"yoast_head":"<!-- This site is optimized with the Yoast SEO plugin v23.2 - https:\/\/yoast.com\/wordpress\/plugins\/seo\/ -->\n<title>\u00c0 propos de nous - dezwamhoeve.be<\/title>\n<meta name=\"description\" content=\"Plongez dans l&#039;univers de la mode avec DeZwamHoeve, un blog d\u00e9di\u00e9 aux tendances, conseils et actualit\u00e9s du monde vestimentaire.\" \/>\n<meta name=\"robots\" content=\"index, follow, max-snippet:-1, max-image-preview:large, max-video-preview:-1\" \/>\n<link rel=\"canonical\" href=\"https:\/\/dezwamhoeve.be\/ro\/a-propos-de-nous\/\" \/>\n<meta property=\"og:locale\" content=\"ro_RO\" \/>\n<meta property=\"og:type\" content=\"article\" \/>\n<meta property=\"og:title\" content=\"\u00c0 propos de nous - dezwamhoeve.be\" \/>\n<meta property=\"og:description\" content=\"Plongez dans l&#039;univers de la mode avec DeZwamHoeve, un blog d\u00e9di\u00e9 aux tendances, conseils et actualit\u00e9s du monde vestimentaire.\" \/>\n<meta property=\"og:url\" content=\"https:\/\/dezwamhoeve.be\/ro\/a-propos-de-nous\/\" \/>\n<meta property=\"og:site_name\" content=\"dezwamhoeve.be\" \/>\n<meta property=\"article:modified_time\" content=\"2025-02-07T07:23:32+00:00\" \/>\n<meta property=\"og:image\" content=\"https:\/\/dezwamhoeve.be\/wp-content\/uploads\/2025\/02\/molodaya-zhenshhina-pokupatel-sovershaya-pokupki-v-magazine-odezhdy-sotrudnik-po-roznichnym-prodazham.jpg\" \/>\n<meta name=\"twitter:card\" content=\"summary_large_image\" \/>\n<meta name=\"twitter:label1\" content=\"Timp estimat pentru citire\" \/>\n\t<meta name=\"twitter:data1\" content=\"2 minute\" \/>\n<script type=\"application\/ld+json\" class=\"yoast-schema-graph\">{\"@context\":\"https:\/\/schema.org\",\"@graph\":[{\"@type\":\"WebPage\",\"@id\":\"https:\/\/dezwamhoeve.be\/a-propos-de-nous\/\",\"url\":\"https:\/\/dezwamhoeve.be\/a-propos-de-nous\/\",\"name\":\"\u00c0 propos de nous - dezwamhoeve.be\",\"isPartOf\":{\"@id\":\"https:\/\/dezwamhoeve.be\/#website\"},\"primaryImageOfPage\":{\"@id\":\"https:\/\/dezwamhoeve.be\/a-propos-de-nous\/#primaryimage\"},\"image\":{\"@id\":\"https:\/\/dezwamhoeve.be\/a-propos-de-nous\/#primaryimage\"},\"thumbnailUrl\":\"https:\/\/dezwamhoeve.be\/wp-content\/uploads\/2025\/02\/molodaya-zhenshhina-pokupatel-sovershaya-pokupki-v-magazine-odezhdy-sotrudnik-po-roznichnym-prodazham.jpg\",\"datePublished\":\"2025-02-06T15:25:01+00:00\",\"dateModified\":\"2025-02-07T07:23:32+00:00\",\"description\":\"Plongez dans l'univers de la mode avec DeZwamHoeve, un blog d\u00e9di\u00e9 aux tendances, conseils et actualit\u00e9s du monde vestimentaire.\",\"breadcrumb\":{\"@id\":\"https:\/\/dezwamhoeve.be\/a-propos-de-nous\/#breadcrumb\"},\"inLanguage\":\"ro-RO\",\"potentialAction\":[{\"@type\":\"ReadAction\",\"target\":[\"https:\/\/dezwamhoeve.be\/a-propos-de-nous\/\"]}]},{\"@type\":\"ImageObject\",\"inLanguage\":\"ro-RO\",\"@id\":\"https:\/\/dezwamhoeve.be\/a-propos-de-nous\/#primaryimage\",\"url\":\"https:\/\/dezwamhoeve.be\/wp-content\/uploads\/2025\/02\/molodaya-zhenshhina-pokupatel-sovershaya-pokupki-v-magazine-odezhdy-sotrudnik-po-roznichnym-prodazham.jpg\",\"contentUrl\":\"https:\/\/dezwamhoeve.be\/wp-content\/uploads\/2025\/02\/molodaya-zhenshhina-pokupatel-sovershaya-pokupki-v-magazine-odezhdy-sotrudnik-po-roznichnym-prodazham.jpg\"},{\"@type\":\"BreadcrumbList\",\"@id\":\"https:\/\/dezwamhoeve.be\/a-propos-de-nous\/#breadcrumb\",\"itemListElement\":[{\"@type\":\"ListItem\",\"position\":1,\"name\":\"Home\",\"item\":\"https:\/\/dezwamhoeve.be\/\"},{\"@type\":\"ListItem\",\"position\":2,\"name\":\"\u00c0 propos de nous\"}]},{\"@type\":\"WebSite\",\"@id\":\"https:\/\/dezwamhoeve.be\/#website\",\"url\":\"https:\/\/dezwamhoeve.be\/\",\"name\":\"dezwamhoeve.be\",\"description\":\"Inspiration Mode: Trouvez des id\u00e9es pour un dressing styl\u00e9 et \u00e9l\u00e9gant\",\"potentialAction\":[{\"@type\":\"SearchAction\",\"target\":{\"@type\":\"EntryPoint\",\"urlTemplate\":\"https:\/\/dezwamhoeve.be\/?s={search_term_string}\"},\"query-input\":\"required name=search_term_string\"}],\"inLanguage\":\"ro-RO\"}]}<\/script>\n<!-- \/ Yoast SEO plugin. -->","yoast_head_json":{"title":"\u00c0 propos de nous - dezwamhoeve.be","description":"Plongez dans l'univers de la mode avec DeZwamHoeve, un blog d\u00e9di\u00e9 aux tendances, conseils et actualit\u00e9s du monde vestimentaire.","robots":{"index":"index","follow":"follow","max-snippet":"max-snippet:-1","max-image-preview":"max-image-preview:large","max-video-preview":"max-video-preview:-1"},"canonical":"https:\/\/dezwamhoeve.be\/ro\/a-propos-de-nous\/","og_locale":"ro_RO","og_type":"article","og_title":"\u00c0 propos de nous - dezwamhoeve.be","og_description":"Plongez dans l'univers de la mode avec DeZwamHoeve, un blog d\u00e9di\u00e9 aux tendances, conseils et actualit\u00e9s du monde vestimentaire.","og_url":"https:\/\/dezwamhoeve.be\/ro\/a-propos-de-nous\/","og_site_name":"dezwamhoeve.be","article_modified_time":"2025-02-07T07:23:32+00:00","og_image":[{"url":"https:\/\/dezwamhoeve.be\/wp-content\/uploads\/2025\/02\/molodaya-zhenshhina-pokupatel-sovershaya-pokupki-v-magazine-odezhdy-sotrudnik-po-roznichnym-prodazham.jpg"}],"twitter_card":"summary_large_image","twitter_misc":{"Timp estimat pentru citire":"2 minute"},"schema":{"@context":"https:\/\/schema.org","@graph":[{"@type":"WebPage","@id":"https:\/\/dezwamhoeve.be\/a-propos-de-nous\/","url":"https:\/\/dezwamhoeve.be\/a-propos-de-nous\/","name":"\u00c0 propos de nous - dezwamhoeve.be","isPartOf":{"@id":"https:\/\/dezwamhoeve.be\/#website"},"primaryImageOfPage":{"@id":"https:\/\/dezwamhoeve.be\/a-propos-de-nous\/#primaryimage"},"image":{"@id":"https:\/\/dezwamhoeve.be\/a-propos-de-nous\/#primaryimage"},"thumbnailUrl":"https:\/\/dezwamhoeve.be\/wp-content\/uploads\/2025\/02\/molodaya-zhenshhina-pokupatel-sovershaya-pokupki-v-magazine-odezhdy-sotrudnik-po-roznichnym-prodazham.jpg","datePublished":"2025-02-06T15:25:01+00:00","dateModified":"2025-02-07T07:23:32+00:00","description":"Plongez dans l'univers de la mode avec DeZwamHoeve, un blog d\u00e9di\u00e9 aux tendances, conseils et actualit\u00e9s du monde vestimentaire.","breadcrumb":{"@id":"https:\/\/dezwamhoeve.be\/a-propos-de-nous\/#breadcrumb"},"inLanguage":"ro-RO","potentialAction":[{"@type":"ReadAction","target":["https:\/\/dezwamhoeve.be\/a-propos-de-nous\/"]}]},{"@type":"ImageObject","inLanguage":"ro-RO","@id":"https:\/\/dezwamhoeve.be\/a-propos-de-nous\/#primaryimage","url":"https:\/\/dezwamhoeve.be\/wp-content\/uploads\/2025\/02\/molodaya-zhenshhina-pokupatel-sovershaya-pokupki-v-magazine-odezhdy-sotrudnik-po-roznichnym-prodazham.jpg","contentUrl":"https:\/\/dezwamhoeve.be\/wp-content\/uploads\/2025\/02\/molodaya-zhenshhina-pokupatel-sovershaya-pokupki-v-magazine-odezhdy-sotrudnik-po-roznichnym-prodazham.jpg"},{"@type":"BreadcrumbList","@id":"https:\/\/dezwamhoeve.be\/a-propos-de-nous\/#breadcrumb","itemListElement":[{"@type":"ListItem","position":1,"name":"Home","item":"https:\/\/dezwamhoeve.be\/"},{"@type":"ListItem","position":2,"name":"\u00c0 propos de nous"}]},{"@type":"WebSite","@id":"https:\/\/dezwamhoeve.be\/#website","url":"https:\/\/dezwamhoeve.be\/","name":"dezwamhoeve.be","description":"Inspiration Mode: Trouvez des id\u00e9es pour un dressing styl\u00e9 et \u00e9l\u00e9gant","potentialAction":[{"@type":"SearchAction","target":{"@type":"EntryPoint","urlTemplate":"https:\/\/dezwamhoeve.be\/?s={search_term_string}"},"query-input":"required name=search_term_string"}],"inLanguage":"ro-RO"}]}},"yoast_meta":{"yoast_wpseo_title":"","yoast_wpseo_metadesc":"","yoast_wpseo_canonical":"https:\/\/dezwamhoeve.be\/ro\/wp-json\/wp\/v2\/pages\/36"},"_links":{"self":[{"href":"https:\/\/dezwamhoeve.be\/ro\/wp-json\/wp\/v2\/pages\/36","targetHints":{"allow":["GET"]}}],"collection":[{"href":"https:\/\/dezwamhoeve.be\/ro\/wp-json\/wp\/v2\/pages"}],"about":[{"href":"https:\/\/dezwamhoeve.be\/ro\/wp-json\/wp\/v2\/types\/page"}],"author":[{"embeddable":true,"href":"https:\/\/dezwamhoeve.be\/ro\/wp-json\/wp\/v2\/users\/1"}],"replies":[{"embeddable":true,"href":"https:\/\/dezwamhoeve.be\/ro\/wp-json\/wp\/v2\/comments?post=36"}],"version-history":[{"count":1,"href":"https:\/\/dezwamhoeve.be\/ro\/wp-json\/wp\/v2\/pages\/36\/revisions"}],"predecessor-version":[{"id":42,"href":"https:\/\/dezwamhoeve.be\/ro\/wp-json\/wp\/v2\/pages\/36\/revisions\/42"}],"wp:attachment":[{"href":"https:\/\/dezwamhoeve.be\/ro\/wp-json\/wp\/v2\/media?parent=36"}],"curies":[{"name":"wp","href":"https:\/\/api.w.org\/{rel}","templated":true}]}}