{"id":3,"date":"2021-12-21T10:05:49","date_gmt":"2021-12-21T10:05:49","guid":{"rendered":"https:\/\/dezwamhoeve.be\/\/?page_id=3"},"modified":"2025-02-07T07:25:29","modified_gmt":"2025-02-07T07:25:29","slug":"privacy-policy","status":"publish","type":"page","link":"https:\/\/dezwamhoeve.be\/ro\/privacy-policy\/","title":{"rendered":"Politica de confiden\u021bialitate"},"content":{"rendered":"<h2>Introducere<\/h2>\n<p>Acesta descrie ce informa\u021bii colect\u0103m despre utilizatorii site-ului web dezwamhoeve.be \u0219i cum sunt utilizate aceste informa\u021bii.<\/p>\n<h2>Colectarea de informa\u021bii<\/h2>\n<p>Colect\u0103m diferite tipuri de date, inclusiv date cu caracter personal, date tehnice \u0219i date de utilizare, necesare pentru func\u021bionarea site-ului \u0219i pentru \u00eembun\u0103t\u0103\u021birea experien\u021bei utilizatorului.<\/p>\n<h2>Utilizarea datelor<\/h2>\n<p>Datele colectate sunt utilizate pentru a personaliza con\u021binutul site-ului, a administra site-ul, a analiza tendin\u021bele de utilizare \u0219i a \u00eembun\u0103t\u0103\u021bi serviciile noastre.<\/p>\n<h2>Cookie-uri<\/h2>\n<p>Folosim cookie-uri pentru a \u00eembun\u0103t\u0103\u021bi experien\u021ba utilizatorului. Utilizatorii pot gestiona preferin\u021bele privind cookie-urile prin set\u0103rile browserului lor, \u00eens\u0103 acest lucru poate afecta anumite func\u021bionalit\u0103\u021bi ale site-ului web.<\/p>\n<h2>Partajarea informa\u021biilor cu ter\u021be p\u0103r\u021bi<\/h2>\n<p>Partaj\u0103m datele personale ale utilizatorilor cu ter\u021be p\u0103r\u021bi doar acolo unde este necesar pentru a furniza serviciile noastre, sub rezerva \u00eendeplinirii condi\u021biilor legale corespunz\u0103toare.<\/p>\n<h2>Protec\u021bia datelor<\/h2>\n<p>Lu\u0103m m\u0103suri rezonabile pentru a proteja datele utilizatorilor \u00eempotriva accesului neautorizat, a utiliz\u0103rii necorespunz\u0103toare sau a divulg\u0103rii.<\/p>\n<h2>Drepturi de utilizator<\/h2>\n<p>Utilizatorii au dreptul de a accesa, corecta, \u0219terge \u0219i retrage consim\u021b\u0103m\u00e2ntul asupra datelor lor cu caracter personal \u00een orice moment.<\/p>\n<h2>Modific\u0103ri ale Politicii de confiden\u021bialitate<\/h2>\n<p>Ne rezerv\u0103m dreptul de a modifica aceast\u0103 politic\u0103 de confiden\u021bialitate \u00een orice moment. Utilizatorii vor fi notifica\u021bi cu privire la modific\u0103ri prin intermediul site-ului nostru web \u0219i sunt sf\u0103tui\u021bi s\u0103 verifice periodic cea mai recent\u0103 versiune.<\/p>\n<h2>Date de contact<\/h2>\n<p>Pentru orice \u00eentreb\u0103ri legate de aceast\u0103 politic\u0103 de confiden\u021bialitate sau pentru a v\u0103 exercita drepturile cu privire la datele cu caracter personal, v\u0103 rug\u0103m s\u0103 ne contacta\u021bi la adresa support@dezwamhoeve.be.<\/p>","protected":false},"excerpt":{"rendered":"<p>Introduction Elle d\u00e9crit quelles informations nous collectons sur les utilisateurs du site dezwamhoeve.be et comment ces informations sont utilis\u00e9es. Collecte d&rsquo;informations Nous collectons diff\u00e9rents types de donn\u00e9es, y compris des donn\u00e9es personnelles, des donn\u00e9es techniques et des donn\u00e9es d&rsquo;utilisation, n\u00e9cessaires&#8230;<\/p>","protected":false},"author":1,"featured_media":0,"parent":0,"menu_order":0,"comment_status":"closed","ping_status":"open","template":"","meta":{"_acf_changed":false,"footnotes":""},"class_list":["post-3","page","type-page","status-publish","hentry"],"acf":[],"yoast_head":"<!-- This site is optimized with the Yoast SEO plugin v23.2 - https:\/\/yoast.com\/wordpress\/plugins\/seo\/ -->\n<title>Politique de confidentialit\u00e9 - dezwamhoeve.be<\/title>\n<meta name=\"robots\" content=\"index, follow, max-snippet:-1, max-image-preview:large, max-video-preview:-1\" \/>\n<link rel=\"canonical\" href=\"https:\/\/dezwamhoeve.be\/ro\/privacy-policy\/\" \/>\n<meta property=\"og:locale\" content=\"ro_RO\" \/>\n<meta property=\"og:type\" content=\"article\" \/>\n<meta property=\"og:title\" content=\"Politique de confidentialit\u00e9 - dezwamhoeve.be\" \/>\n<meta property=\"og:description\" content=\"Introduction Elle d\u00e9crit quelles informations nous collectons sur les utilisateurs du site dezwamhoeve.be et comment ces informations sont utilis\u00e9es. Collecte d&rsquo;informations Nous collectons diff\u00e9rents types de donn\u00e9es, y compris des donn\u00e9es personnelles, des donn\u00e9es techniques et des donn\u00e9es d&rsquo;utilisation, n\u00e9cessaires...\" \/>\n<meta property=\"og:url\" content=\"https:\/\/dezwamhoeve.be\/ro\/privacy-policy\/\" \/>\n<meta property=\"og:site_name\" content=\"dezwamhoeve.be\" \/>\n<meta property=\"article:modified_time\" content=\"2025-02-07T07:25:29+00:00\" \/>\n<meta name=\"twitter:card\" content=\"summary_large_image\" \/>\n<meta name=\"twitter:label1\" content=\"Timp estimat pentru citire\" \/>\n\t<meta name=\"twitter:data1\" content=\"2 minute\" \/>\n<script type=\"application\/ld+json\" class=\"yoast-schema-graph\">{\"@context\":\"https:\/\/schema.org\",\"@graph\":[{\"@type\":\"WebPage\",\"@id\":\"https:\/\/dezwamhoeve.be\/privacy-policy\/\",\"url\":\"https:\/\/dezwamhoeve.be\/privacy-policy\/\",\"name\":\"Politique de confidentialit\u00e9 - dezwamhoeve.be\",\"isPartOf\":{\"@id\":\"https:\/\/dezwamhoeve.be\/#website\"},\"datePublished\":\"2021-12-21T10:05:49+00:00\",\"dateModified\":\"2025-02-07T07:25:29+00:00\",\"breadcrumb\":{\"@id\":\"https:\/\/dezwamhoeve.be\/privacy-policy\/#breadcrumb\"},\"inLanguage\":\"ro-RO\",\"potentialAction\":[{\"@type\":\"ReadAction\",\"target\":[\"https:\/\/dezwamhoeve.be\/privacy-policy\/\"]}]},{\"@type\":\"BreadcrumbList\",\"@id\":\"https:\/\/dezwamhoeve.be\/privacy-policy\/#breadcrumb\",\"itemListElement\":[{\"@type\":\"ListItem\",\"position\":1,\"name\":\"Home\",\"item\":\"https:\/\/dezwamhoeve.be\/\"},{\"@type\":\"ListItem\",\"position\":2,\"name\":\"Politique de confidentialit\u00e9\"}]},{\"@type\":\"WebSite\",\"@id\":\"https:\/\/dezwamhoeve.be\/#website\",\"url\":\"https:\/\/dezwamhoeve.be\/\",\"name\":\"dezwamhoeve.be\",\"description\":\"Inspiration Mode: Trouvez des id\u00e9es pour un dressing styl\u00e9 et \u00e9l\u00e9gant\",\"potentialAction\":[{\"@type\":\"SearchAction\",\"target\":{\"@type\":\"EntryPoint\",\"urlTemplate\":\"https:\/\/dezwamhoeve.be\/?s={search_term_string}\"},\"query-input\":\"required name=search_term_string\"}],\"inLanguage\":\"ro-RO\"}]}<\/script>\n<!-- \/ Yoast SEO plugin. -->","yoast_head_json":{"title":"Politique de confidentialit\u00e9 - dezwamhoeve.be","robots":{"index":"index","follow":"follow","max-snippet":"max-snippet:-1","max-image-preview":"max-image-preview:large","max-video-preview":"max-video-preview:-1"},"canonical":"https:\/\/dezwamhoeve.be\/ro\/privacy-policy\/","og_locale":"ro_RO","og_type":"article","og_title":"Politique de confidentialit\u00e9 - dezwamhoeve.be","og_description":"Introduction Elle d\u00e9crit quelles informations nous collectons sur les utilisateurs du site dezwamhoeve.be et comment ces informations sont utilis\u00e9es. Collecte d&rsquo;informations Nous collectons diff\u00e9rents types de donn\u00e9es, y compris des donn\u00e9es personnelles, des donn\u00e9es techniques et des donn\u00e9es d&rsquo;utilisation, n\u00e9cessaires...","og_url":"https:\/\/dezwamhoeve.be\/ro\/privacy-policy\/","og_site_name":"dezwamhoeve.be","article_modified_time":"2025-02-07T07:25:29+00:00","twitter_card":"summary_large_image","twitter_misc":{"Timp estimat pentru citire":"2 minute"},"schema":{"@context":"https:\/\/schema.org","@graph":[{"@type":"WebPage","@id":"https:\/\/dezwamhoeve.be\/privacy-policy\/","url":"https:\/\/dezwamhoeve.be\/privacy-policy\/","name":"Politique de confidentialit\u00e9 - dezwamhoeve.be","isPartOf":{"@id":"https:\/\/dezwamhoeve.be\/#website"},"datePublished":"2021-12-21T10:05:49+00:00","dateModified":"2025-02-07T07:25:29+00:00","breadcrumb":{"@id":"https:\/\/dezwamhoeve.be\/privacy-policy\/#breadcrumb"},"inLanguage":"ro-RO","potentialAction":[{"@type":"ReadAction","target":["https:\/\/dezwamhoeve.be\/privacy-policy\/"]}]},{"@type":"BreadcrumbList","@id":"https:\/\/dezwamhoeve.be\/privacy-policy\/#breadcrumb","itemListElement":[{"@type":"ListItem","position":1,"name":"Home","item":"https:\/\/dezwamhoeve.be\/"},{"@type":"ListItem","position":2,"name":"Politique de confidentialit\u00e9"}]},{"@type":"WebSite","@id":"https:\/\/dezwamhoeve.be\/#website","url":"https:\/\/dezwamhoeve.be\/","name":"dezwamhoeve.be","description":"Inspiration Mode: Trouvez des id\u00e9es pour un dressing styl\u00e9 et \u00e9l\u00e9gant","potentialAction":[{"@type":"SearchAction","target":{"@type":"EntryPoint","urlTemplate":"https:\/\/dezwamhoeve.be\/?s={search_term_string}"},"query-input":"required name=search_term_string"}],"inLanguage":"ro-RO"}]}},"yoast_meta":{"yoast_wpseo_title":"","yoast_wpseo_metadesc":"","yoast_wpseo_canonical":"https:\/\/dezwamhoeve.be\/ro\/wp-json\/wp\/v2\/pages\/3"},"_links":{"self":[{"href":"https:\/\/dezwamhoeve.be\/ro\/wp-json\/wp\/v2\/pages\/3","targetHints":{"allow":["GET"]}}],"collection":[{"href":"https:\/\/dezwamhoeve.be\/ro\/wp-json\/wp\/v2\/pages"}],"about":[{"href":"https:\/\/dezwamhoeve.be\/ro\/wp-json\/wp\/v2\/types\/page"}],"author":[{"embeddable":true,"href":"https:\/\/dezwamhoeve.be\/ro\/wp-json\/wp\/v2\/users\/1"}],"replies":[{"embeddable":true,"href":"https:\/\/dezwamhoeve.be\/ro\/wp-json\/wp\/v2\/comments?post=3"}],"version-history":[{"count":1,"href":"https:\/\/dezwamhoeve.be\/ro\/wp-json\/wp\/v2\/pages\/3\/revisions"}],"predecessor-version":[{"id":46,"href":"https:\/\/dezwamhoeve.be\/ro\/wp-json\/wp\/v2\/pages\/3\/revisions\/46"}],"wp:attachment":[{"href":"https:\/\/dezwamhoeve.be\/ro\/wp-json\/wp\/v2\/media?parent=3"}],"curies":[{"name":"wp","href":"https:\/\/api.w.org\/{rel}","templated":true}]}}